{"id":7,"date":"2017-05-23T13:22:15","date_gmt":"2017-05-23T13:22:15","guid":{"rendered":"http:\/\/tuuling.ee\/?page_id=7"},"modified":"2019-12-13T17:02:39","modified_gmt":"2019-12-13T17:02:39","slug":"home","status":"publish","type":"page","link":"https:\/\/www.tuuling.ee\/","title":{"rendered":"Maketid, makettide valmistamine ja jooniste digitaliseerimisega CAD formaati"},"content":{"rendered":"<p><img loading=\"lazy\" decoding=\"async\" class=\"alignright size-thumbnail wp-image-119\" src=\"http:\/\/tuuling.ee\/wp-content\/uploads\/2017\/05\/DSC_0615-150x150.jpg\" alt=\"\" width=\"150\" height=\"150\" srcset=\"http:\/\/tuuling.ee\/wp-content\/uploads\/2017\/05\/DSC_0615-150x150.jpg 150w, http:\/\/tuuling.ee\/wp-content\/uploads\/2017\/05\/DSC_0615-100x100.jpg 100w\" sizes=\"auto, (max-width: 150px) 100vw, 150px\" \/>Tegeleme makettide, \u00f5ppematerjalide, protot\u00fc\u00fcpide, mudelite, museaalide valmistamisega ja vanade jooniste digitaliseerisega vektor ehk CADi vormi. Oma t\u00f6\u00f6s kasutame k\u00f5iki kaasaegseid lahendusi &#8211; laserl\u00f5ikust, 3D printimist ja CNC freesi. Meie maketid on osalenud Eestit tutvustaval n\u00e4itusel Veneetsia arhitektuuribiennaalil, \u00a0mis on \u00fcks maailma olulisematest arhitektuuris\u00fcndmustest ja mida k\u00fclastab tavaliselt \u00fcle 100 000 inimese. \u00a0<a href=\"http:\/\/www.labiennale.org\/en\/architecture\/\" target=\"_blank\" rel=\"noopener noreferrer\">http:\/\/www.labiennale.org\/en\/architecture\/<\/a><\/p>\n","protected":false},"excerpt":{"rendered":"<p>Tegeleme makettide, \u00f5ppematerjalide, protot\u00fc\u00fcpide, mudelite, museaalide valmistamisega ja vanade jooniste digitaliseerisega vektor ehk CADi vormi. Oma t\u00f6\u00f6s kasutame k\u00f5iki kaasaegseid lahendusi &#8211; laserl\u00f5ikust, 3D printimist ja CNC freesi. Meie maketid on osalenud Eestit tutvustaval n\u00e4itusel Veneetsia arhitektuuribiennaalil, \u00a0mis on \u00fcks maailma olulisematest arhitektuuris\u00fcndmustest ja mida k\u00fclastab tavaliselt \u00fcle 100 000 inimese. \u00a0http:\/\/www.labiennale.org\/en\/architecture\/<\/p>\n","protected":false},"author":1,"featured_media":0,"parent":0,"menu_order":0,"comment_status":"closed","ping_status":"closed","template":"","meta":{"footnotes":""},"class_list":["post-7","page","type-page","status-publish","hentry"],"_links":{"self":[{"href":"https:\/\/www.tuuling.ee\/index.php\/wp-json\/wp\/v2\/pages\/7","targetHints":{"allow":["GET"]}}],"collection":[{"href":"https:\/\/www.tuuling.ee\/index.php\/wp-json\/wp\/v2\/pages"}],"about":[{"href":"https:\/\/www.tuuling.ee\/index.php\/wp-json\/wp\/v2\/types\/page"}],"author":[{"embeddable":true,"href":"https:\/\/www.tuuling.ee\/index.php\/wp-json\/wp\/v2\/users\/1"}],"replies":[{"embeddable":true,"href":"https:\/\/www.tuuling.ee\/index.php\/wp-json\/wp\/v2\/comments?post=7"}],"version-history":[{"count":5,"href":"https:\/\/www.tuuling.ee\/index.php\/wp-json\/wp\/v2\/pages\/7\/revisions"}],"predecessor-version":[{"id":156,"href":"https:\/\/www.tuuling.ee\/index.php\/wp-json\/wp\/v2\/pages\/7\/revisions\/156"}],"wp:attachment":[{"href":"https:\/\/www.tuuling.ee\/index.php\/wp-json\/wp\/v2\/media?parent=7"}],"curies":[{"name":"wp","href":"https:\/\/api.w.org\/{rel}","templated":true}]}}